{"id":164,"date":"2018-07-20T20:22:27","date_gmt":"2018-07-20T20:22:27","guid":{"rendered":"http:\/\/przedszkole12nowasol.pl\/?page_id=164"},"modified":"2020-09-09T20:39:15","modified_gmt":"2020-09-09T20:39:15","slug":"o-przedszkolu","status":"publish","type":"page","link":"https:\/\/przedszkole12nowasol.pl\/?page_id=164","title":{"rendered":"O przedszkolu"},"content":{"rendered":"<p style=\"padding-left: 30px; text-align: center;\"><span style=\"color: #000000;\">Historia naszego przedszkola si\u0119ga lat 90-tych. Przedszkole jest plac\u00f3wk\u0105 o profilu artystycznym, w kt\u00f3rej szczeg\u00f3lny nacisk po\u0142o\u017cony jest na zaj\u0119cia zwi\u0105zane ze sztuk\u0105. W ten spos\u00f3b staramy si\u0119 zapewni\u0107 pe\u0142ny i wszechstronny rozw\u00f3j osobowo\u015bci dziecka, kt\u00f3ry jest g\u0142\u00f3wnym celem naszego przedszkola.<\/span><\/p>\n<p style=\"padding-left: 30px; text-align: center;\"><span style=\"color: #000000;\">Dysponujemy siedmioma bardzo dobrze wyposa\u017conymi salami dydaktycznymi, komputerami, tablic\u0105 interaktywn\u0105, bibliotek\u0105, gabinetem ekologicznym, gabinetem do zaj\u0119\u0107 z zakresu terapii i logopedii oraz bardzo dobrze wyposa\u017cony \u00a0du\u017cym placem zabaw.<\/span><\/p>\n<p style=\"padding-left: 30px; text-align: center;\"><span style=\"color: #000000;\">W przedszkolu funkcjonuj\u0119 7 grup. Edukacj\u0105 przedszkoln\u0105 obj\u0119te s\u0105 dzieci od 3 do 6 lat.<\/span><\/p>\n<p style=\"padding-left: 30px;\"><strong><span style=\"font-size: 18pt; color: #00ccff;\"><u>Co nas wyr\u00f3\u017cnia :<\/u><\/span><\/strong><\/p>\n<p style=\"padding-left: 30px;\"><span style=\"color: #000000;\">-Poczucie zdrowia i bezpiecze\u0144stwa \u2013 nasz priorytet \u2013 W tym celu plac\u00f3wka wprowadzi\u0142a dzwonki przy drzwiach i bramce, dzi\u0119ki kt\u00f3rym budynek mo\u017ce by\u0107 zamykany na czas pracy z dzie\u0107mi. Podczas wyj\u015b\u0107 na \u015bwie\u017ce powietrze nauczycielkom zawsze towarzyszy personel obs\u0142ugi.<\/span><\/p>\n<p style=\"padding-left: 30px;\"><span style=\"color: #000000;\">-Sale dydaktyczne zaaran\u017cowane s\u0105 pod k\u0105tem potencja\u0142u dzieci oraz ich zainteresowa\u0144. Profesjonalnie zagospodarowane w pomoce dydaktyczne zach\u0119caj\u0105 dzieci do ci\u0105g\u0142ego rozwoju.<\/span><\/p>\n<p style=\"padding-left: 30px;\"><span style=\"color: #000000;\">-Du\u017cy i przestronny plac zabaw wyposa\u017cony jest w nowoczesne sprz\u0119ty terenowe, podzielony na cztery sektory dla dzieci m\u0142odszych i starszych.<\/span><\/p>\n<p style=\"padding-left: 30px;\"><span style=\"color: #000000;\">-W pobli\u017cu przedszkola znajduj\u0105 si\u0119 boisko sportowe ,,Orlik\u201d, las oraz park, z kt\u00f3rych systematycznie korzystamy.<\/span><\/p>\n<p style=\"padding-left: 30px;\"><span style=\"color: #000000;\">-W\u0142asna kuchnia, kt\u00f3ra przygotowuj\u0119 smaczne i zdrowe posi\u0142ki z elementami kuchni makrobiotycznej. Dodatkowo \u015bniadania podawane s\u0105 w formie sto\u0142u szwedzkiego, co umo\u017cliwia dzieciom wyb\u00f3r sk\u0142adnik\u00f3w.<\/span><\/p>\n<p style=\"padding-left: 30px;\"><span style=\"color: #000000;\">-Wykwalifikowana i kompetentna kadra nauczycielka \u2013 pe\u0142na wiedzy, pasji i kreatywno\u015bci ustawicznie doskonal\u0105c\u0105 sw\u00f3j warsztat pracy oraz opieka specjalist\u00f3w- logopedy, terapeuty i nauczyciela gimnastyki korekcyjno- kompensacyjnej.<\/span><\/p>\n<p style=\"padding-left: 30px;\"><span style=\"color: #000000;\">-Gabinet wyposa\u017cony w tablic\u0119 interakcyjn\u0105 umo\u017cliwiaj\u0105cy rozwijanie wiedzy informatycznej i technicznej.<\/span><\/p>\n<p style=\"padding-left: 30px;\"><span style=\"color: #000000;\">-Zaj\u0119cia dydaktyczne prowadzone w oparciu o nowatorskie metody, programy oraz dwie innowacje pedagogiczne dotycz\u0105ce zdrowia i bezpiecze\u0144stwa dzieci.<\/span><\/p>\n<p style=\"padding-left: 30px;\"><span style=\"color: #000000;\">-Wyj\u0105tkowe projekty edukacyjne &#8211; ,,Zdrowo i Sportowo\u201d, ,, Ma\u0142y mi\u015b w \u015bwiecie wielkiej literatury\u201d, ,, Pi\u0119kna nasza Polska ca\u0142a\u201d, \u201eAkademia Aquafresh\u201d, ,,Zdrowy i bezpieczny przedszkolak\u201d, ,,Kubusiowi przyjaciele natury\u201d.<\/span><\/p>\n<p style=\"padding-left: 30px;\"><span style=\"color: #000000;\">-Liczna wsp\u00f3\u0142praca ze \u015brodowiskiem lokalnym oraz zaanga\u017cowanie w liczne akcje charytatywne<\/span><\/p>\n<ul>\n<li><span style=\"color: #000000;\">Udzia\u0142 w ,,Zakr\u0119conej akcji\u201d<\/span><\/li>\n<li><span style=\"color: #000000;\">Zbieranie s\u0142odyczy dla ,,Szlachetnej paczki\u201d<\/span><\/li>\n<li><span style=\"color: #000000;\">Udzia\u0142 w akcji ,,G\u00f3ra grosza\u201d<\/span><\/li>\n<\/ul>\n<p style=\"padding-left: 30px;\"><span style=\"color: #00ccff; font-size: 18pt;\"><strong>Zapewniamy rodzicom:<\/strong><\/span><\/p>\n<p style=\"padding-left: 30px;\"><span style=\"color: #000000;\">-Konsultacje pedagogiczne, na kt\u00f3rych wymieniamy spostrze\u017cenia na temat rozwoju dzieci oraz udzielamy pomocy i wsparcia w dzia\u0142aniach wychowawczych<\/span><\/p>\n<p style=\"padding-left: 30px;\"><span style=\"color: #000000;\">-Udzia\u0142 w spotkaniach adaptacyjnych, uroczysto\u015bciach, warsztatach, spotkaniach integracyjnych oraz zaj\u0119ciach otwartych<\/span><\/p>\n<p style=\"padding-left: 30px;\"><span style=\"color: #000000;\">-Dost\u0119p do informacji na temat rozwoju dzieci w formie artyku\u0142\u00f3w, broszur, referat\u00f3w oraz prezentacji multimedialnych<\/span><\/p>\n<p style=\"padding-left: 30px;\"><span style=\"color: #000000;\">-Wsp\u00f3\u0142prac\u0119 z poradni\u0105 psychologiczno- pedagogiczn\u0105<\/span><\/p>\n","protected":false},"excerpt":{"rendered":"<p>Historia naszego przedszkola si\u0119ga lat 90-tych. Przedszkole jest plac\u00f3wk\u0105 o profilu artystycznym, w kt\u00f3rej szczeg\u00f3lny nacisk po\u0142o\u017cony jest na zaj\u0119cia zwi\u0105zane ze sztuk\u0105. W ten spos\u00f3b staramy si\u0119 zapewni\u0107 pe\u0142ny i wszechstronny rozw\u00f3j osobowo\u015bci dziecka, kt\u00f3ry jest g\u0142\u00f3wnym celem naszego przedszkola. Dysponujemy siedmioma bardzo dobrze wyposa\u017conymi salami dydaktycznymi, komputerami, tablic\u0105 &hellip;<\/p>\n","protected":false},"author":1,"featured_media":0,"parent":0,"menu_order":0,"comment_status":"closed","ping_status":"closed","template":"","meta":{"footnotes":""},"class_list":["post-164","page","type-page","status-publish","hentry"],"_links":{"self":[{"href":"https:\/\/przedszkole12nowasol.pl\/index.php?rest_route=\/wp\/v2\/pages\/164","targetHints":{"allow":["GET"]}}],"collection":[{"href":"https:\/\/przedszkole12nowasol.pl\/index.php?rest_route=\/wp\/v2\/pages"}],"about":[{"href":"https:\/\/przedszkole12nowasol.pl\/index.php?rest_route=\/wp\/v2\/types\/page"}],"author":[{"embeddable":true,"href":"https:\/\/przedszkole12nowasol.pl\/index.php?rest_route=\/wp\/v2\/users\/1"}],"replies":[{"embeddable":true,"href":"https:\/\/przedszkole12nowasol.pl\/index.php?rest_route=%2Fwp%2Fv2%2Fcomments&post=164"}],"version-history":[{"count":13,"href":"https:\/\/przedszkole12nowasol.pl\/index.php?rest_route=\/wp\/v2\/pages\/164\/revisions"}],"predecessor-version":[{"id":2104,"href":"https:\/\/przedszkole12nowasol.pl\/index.php?rest_route=\/wp\/v2\/pages\/164\/revisions\/2104"}],"wp:attachment":[{"href":"https:\/\/przedszkole12nowasol.pl\/index.php?rest_route=%2Fwp%2Fv2%2Fmedia&parent=164"}],"curies":[{"name":"wp","href":"https:\/\/api.w.org\/{rel}","templated":true}]}}