{"id":178,"date":"2018-07-20T20:29:22","date_gmt":"2018-07-20T20:29:22","guid":{"rendered":"http:\/\/przedszkole12nowasol.pl\/?page_id=178"},"modified":"2021-09-02T14:36:43","modified_gmt":"2021-09-02T14:36:43","slug":"literatura-dla-rodzicow","status":"publish","type":"page","link":"https:\/\/przedszkole12nowasol.pl\/?page_id=178","title":{"rendered":"Artyku\u0142y dla rodzic\u00f3w"},"content":{"rendered":"<p style=\"text-align: center;\"><span style=\"font-size: 24pt; color: #00ccff;\">Artyku\u0142y:<\/span><\/p>\n<ol>\n<li><a href=\"http:\/\/przedszkole12nowasol.pl\/wp-content\/uploads\/2018\/09\/czas-ciezkiej-proby-czyli-adaptacja-dziecka-189-1215.pdf\">Adaptacja dziecka<\/a><\/li>\n<li><a href=\"http:\/\/przedszkole12nowasol.pl\/wp-content\/uploads\/2018\/09\/idziemy-do-przedszkola-115-d604.pdf\">Wskaz\u00f3wki i porady dla rodzic\u00f3w<\/a><\/li>\n<li><a href=\"http:\/\/przedszkole12nowasol.pl\/wp-content\/uploads\/2018\/09\/do-widzenia-urzadzenia-205-2524.pdf\">Do widzenia urz\u0105dzenia<\/a><\/li>\n<li><a href=\"https:\/\/przedszkole12nowasol.pl\/wp-content\/uploads\/2020\/10\/Muzykoterapia-we-wspomaganiu-ma\u0142ego-dziecka.pdf\">Muzykoterapia we wspomaganiu ma\u0142ego dziecka<\/a><\/li>\n<li><a href=\"https:\/\/przedszkole12nowasol.pl\/wp-content\/uploads\/2021\/09\/Siedem-krok\u00f3w-do-sukcesu-po\u017cegnanie-rodzica-z-dzieckiem.pdf\">Siedem krok\u00f3w do sukcesu &#8211; po\u017cegnanie rodzica z dzieckiem<\/a><\/li>\n<\/ol>\n","protected":false},"excerpt":{"rendered":"<p>Artyku\u0142y: Adaptacja dziecka Wskaz\u00f3wki i porady dla rodzic\u00f3w Do widzenia urz\u0105dzenia Muzykoterapia we wspomaganiu ma\u0142ego dziecka Siedem krok\u00f3w do sukcesu &#8211; po\u017cegnanie rodzica z dzieckiem<\/p>\n","protected":false},"author":1,"featured_media":0,"parent":0,"menu_order":0,"comment_status":"closed","ping_status":"closed","template":"","meta":{"footnotes":""},"class_list":["post-178","page","type-page","status-publish","hentry"],"_links":{"self":[{"href":"https:\/\/przedszkole12nowasol.pl\/index.php?rest_route=\/wp\/v2\/pages\/178","targetHints":{"allow":["GET"]}}],"collection":[{"href":"https:\/\/przedszkole12nowasol.pl\/index.php?rest_route=\/wp\/v2\/pages"}],"about":[{"href":"https:\/\/przedszkole12nowasol.pl\/index.php?rest_route=\/wp\/v2\/types\/page"}],"author":[{"embeddable":true,"href":"https:\/\/przedszkole12nowasol.pl\/index.php?rest_route=\/wp\/v2\/users\/1"}],"replies":[{"embeddable":true,"href":"https:\/\/przedszkole12nowasol.pl\/index.php?rest_route=%2Fwp%2Fv2%2Fcomments&post=178"}],"version-history":[{"count":14,"href":"https:\/\/przedszkole12nowasol.pl\/index.php?rest_route=\/wp\/v2\/pages\/178\/revisions"}],"predecessor-version":[{"id":2452,"href":"https:\/\/przedszkole12nowasol.pl\/index.php?rest_route=\/wp\/v2\/pages\/178\/revisions\/2452"}],"wp:attachment":[{"href":"https:\/\/przedszkole12nowasol.pl\/index.php?rest_route=%2Fwp%2Fv2%2Fmedia&parent=178"}],"curies":[{"name":"wp","href":"https:\/\/api.w.org\/{rel}","templated":true}]}}