{"id":2113,"date":"2020-09-13T16:58:24","date_gmt":"2020-09-13T16:58:24","guid":{"rendered":"https:\/\/przedszkole12nowasol.pl\/?page_id=2113"},"modified":"2020-09-20T20:31:36","modified_gmt":"2020-09-20T20:31:36","slug":"regulamin-przedszkola","status":"publish","type":"page","link":"https:\/\/przedszkole12nowasol.pl\/?page_id=2113","title":{"rendered":"Regulamin przedszkola"},"content":{"rendered":"<p style=\"text-align: center;\"><span style=\"font-size: 36pt; color: #000000;\"><strong><u>Regulamin przedszkola<\/u><\/strong><\/span><\/p>\n<ol>\n<li><span style=\"color: #000000;\"><strong>Przedszkole jest czynne 10 godzin od 6:00 do 16:00 od poniedzia\u0142ku do pi\u0105tku. Dzienny czas pracy przedszkola ustalony jest z organem prowadz\u0105cym na dany rok szkolny z uwzgl\u0119dnieniem aktualnych potrzeb \u015brodowiska.<\/strong><\/span><\/li>\n<li><span style=\"color: #000000;\"><strong>Plac\u00f3wka funkcjonuje przez ca\u0142y rok z miesi\u0119czn\u0105 przerw\u0105 urlopow\u0105. Termin przerw ustala dyrektor w porozumieniu z Miejskim Zespo\u0142em do Obs\u0142ugi Przedszkoli.<\/strong><\/span><\/li>\n<li><span style=\"color: #000000;\"><strong>Odp\u0142atno\u015b\u0107 za pobyt dziecka w przedszkolu reguluje aktualnie obowi\u0105zuj\u0105ca Uchwa\u0142a-wywieszona jest na tablicy informacyjnej dla rodzic\u00f3w i na stronie internetowej.<\/strong><\/span><\/li>\n<li><span style=\"color: #000000;\"><strong>Dzieci w przedszkolu mog\u0105 korzysta\u0107 z trzech posi\u0142k\u00f3w dziennie I- \u015bniadanie (8.30-9.00), II \u015bniadanie (11.00- 11.30),\u00a0<\/strong><strong style=\"text-indent: 0em;\">obiad (14.15-14.45).<\/strong><\/span><\/li>\n<li><span style=\"color: #000000;\"><strong>Op\u0142ata za przedszkole wypisywana jest na drukach \u015bcis\u0142ego zarachowania.<\/strong><\/span><\/li>\n<li><span style=\"color: #000000;\"><strong>Op\u0142aty za pobyt dziecka w przedszkolu przyjmowane s\u0105 od 5-go do 15-go ka\u017cdego miesi\u0105ca w godzinach wg harmonogramu oraz przelewem.<\/strong><\/span><\/li>\n<li><span style=\"color: #000000;\"><strong>Op\u0142at\u0119 miesi\u0119czn\u0105 ustala Zarz\u0105d Miasta w porozumieniu z organem prowadz\u0105cym.<\/strong><\/span><\/li>\n<li><span style=\"color: #000000;\"><strong>Bezpo\u015bredni nadz\u00f3r nad plac\u00f3wka sprawuje MZdOP.<\/strong><\/span><\/li>\n<li><span style=\"color: #000000;\"><strong>Nadz\u00f3r pedagogiczny sprawuje Kuratorium O\u015bwiaty.<\/strong><\/span><\/li>\n<li><span style=\"color: #000000;\"><strong>W okresie ferii, przerw \u015bwi\u0105tecznych, wakacji dyrektor ma prawo wprowadzi\u0107 zmiany organizacyjne odno\u015bnie ilo\u015bci oddzia\u0142\u00f3w.<\/strong><\/span><\/li>\n<li><span style=\"color: #000000;\"><strong>Rodzic\u00f3w obowi\u0105zuje znajomo\u015b\u0107 regulaminu i Statutu przedszkola.<\/strong><\/span><\/li>\n<li><span style=\"color: #000000;\"><strong>Dzieci do przeszkol\u0105 nale\u017cy przyprowadza\u0107 zdrowe.<\/strong><\/span><\/li>\n<li><span style=\"color: #000000;\"><strong>Dziecko mog\u0105 odbiera\u0107 rodzice lub prawni opiekunowie oraz osoby upowa\u017cnione przez rodzic\u00f3w.<\/strong><\/span><\/li>\n<li><span style=\"color: #000000;\"><strong>Rodzice przyprowadzaj\u0105 dzieci do sali i z sali odbieraj\u0105.<\/strong><\/span><\/li>\n<li><span style=\"color: #000000;\"><strong>Dzieci przyprowadza si\u0119 do godziny 8:00.<\/strong><\/span><\/li>\n<li><span style=\"color: #000000;\"><strong>Dziecko przebywa w swojej Sali do godziny 15:00, a os 15:00 do 16:00 pod opiek\u0105 nauczyciela dy\u017curuj\u0105cego.<\/strong><\/span><\/li>\n<li><span style=\"color: #000000;\"><strong>Dyrektor ma prawo do reorganizacji grup w zwi\u0105zku z organizacja nowego roku szkolnego i zmiany nauczyciela. Je\u017celi zmiana jest dokonywana w ci\u0105gu roku szkolnego zasi\u0119ga opinii rodzic\u00f3w.<\/strong><\/span><\/li>\n<\/ol>\n<p>&nbsp;<\/p>\n","protected":false},"excerpt":{"rendered":"<p>Regulamin przedszkola Przedszkole jest czynne 10 godzin od 6:00 do 16:00 od poniedzia\u0142ku do pi\u0105tku. Dzienny czas pracy przedszkola ustalony jest z organem prowadz\u0105cym na dany rok szkolny z uwzgl\u0119dnieniem aktualnych potrzeb \u015brodowiska. Plac\u00f3wka funkcjonuje przez ca\u0142y rok z miesi\u0119czn\u0105 przerw\u0105 urlopow\u0105. Termin przerw ustala dyrektor w porozumieniu z Miejskim &hellip;<\/p>\n","protected":false},"author":1,"featured_media":0,"parent":0,"menu_order":0,"comment_status":"closed","ping_status":"closed","template":"","meta":{"footnotes":""},"class_list":["post-2113","page","type-page","status-publish","hentry"],"_links":{"self":[{"href":"https:\/\/przedszkole12nowasol.pl\/index.php?rest_route=\/wp\/v2\/pages\/2113","targetHints":{"allow":["GET"]}}],"collection":[{"href":"https:\/\/przedszkole12nowasol.pl\/index.php?rest_route=\/wp\/v2\/pages"}],"about":[{"href":"https:\/\/przedszkole12nowasol.pl\/index.php?rest_route=\/wp\/v2\/types\/page"}],"author":[{"embeddable":true,"href":"https:\/\/przedszkole12nowasol.pl\/index.php?rest_route=\/wp\/v2\/users\/1"}],"replies":[{"embeddable":true,"href":"https:\/\/przedszkole12nowasol.pl\/index.php?rest_route=%2Fwp%2Fv2%2Fcomments&post=2113"}],"version-history":[{"count":4,"href":"https:\/\/przedszkole12nowasol.pl\/index.php?rest_route=\/wp\/v2\/pages\/2113\/revisions"}],"predecessor-version":[{"id":2176,"href":"https:\/\/przedszkole12nowasol.pl\/index.php?rest_route=\/wp\/v2\/pages\/2113\/revisions\/2176"}],"wp:attachment":[{"href":"https:\/\/przedszkole12nowasol.pl\/index.php?rest_route=%2Fwp%2Fv2%2Fmedia&parent=2113"}],"curies":[{"name":"wp","href":"https:\/\/api.w.org\/{rel}","templated":true}]}}