{"id":2115,"date":"2020-09-13T16:58:59","date_gmt":"2020-09-13T16:58:59","guid":{"rendered":"https:\/\/przedszkole12nowasol.pl\/?page_id=2115"},"modified":"2020-10-12T17:50:03","modified_gmt":"2020-10-12T17:50:03","slug":"kacik-logopedyczny","status":"publish","type":"page","link":"https:\/\/przedszkole12nowasol.pl\/?page_id=2115","title":{"rendered":"K\u0105cik logopedyczny"},"content":{"rendered":"<ul>\n<li><a href=\"https:\/\/przedszkole12nowasol.pl\/wp-content\/uploads\/2020\/09\/O-czym-nale\u017cy-pami\u0119ta\u0107-wykonuj\u0105c-\u0107wiczenia-logopedyczne..pdf\">O-czym-nale\u017cy-pami\u0119ta\u0107-wykonuj\u0105c-\u0107wiczenia-logopedyczne.<\/a><\/li>\n<li><a href=\"https:\/\/przedszkole12nowasol.pl\/wp-content\/uploads\/2020\/09\/Propozycje-\u0107wicze\u0144-i-zabaw-logopedycznych.pdf\">Propozycje-\u0107wicze\u0144-i-zabaw-logopedycznych<\/a><\/li>\n<li><a href=\"https:\/\/przedszkole12nowasol.pl\/wp-content\/uploads\/2020\/09\/Bajki-logopedyczne.-Gra-planszowa.pdf\">Bajki-logopedyczne.-Gra-planszowa<\/a><\/li>\n<li><a href=\"https:\/\/przedszkole12nowasol.pl\/wp-content\/uploads\/2020\/09\/Gra-z-kostk\u0105.pdf\">Gra-z-kostk\u0105<\/a><\/li>\n<li><a href=\"https:\/\/przedszkole12nowasol.pl\/wp-content\/uploads\/2020\/09\/Jak-rozwija\u0107-mow\u0119-dziecka.pdf\">Jak-rozwija\u0107-mow\u0119-dziecka<\/a><\/li>\n<li><a href=\"https:\/\/przedszkole12nowasol.pl\/wp-content\/uploads\/2020\/09\/G\u0142oska-R-gra-planszowa.pdf\">G\u0142oska-R-gra-planszowa<\/a><\/li>\n<li><a href=\"https:\/\/przedszkole12nowasol.pl\/wp-content\/uploads\/2020\/09\/Poszerzanie-slownictwa.pdf\">Poszerzanie-s\u0142ownictwa<\/a><\/li>\n<li><a href=\"https:\/\/przedszkole12nowasol.pl\/wp-content\/uploads\/2020\/09\/Roznicowanie-glosek-c-oraz-cz.pdf\">Ro\u017cnicowanie-g\u0142osek-c-oraz-cz<\/a><\/li>\n<li><a href=\"https:\/\/przedszkole12nowasol.pl\/wp-content\/uploads\/2020\/09\/Kilka-sl\u00f3w-o-sekwencjach.pdf\">Kilka-s\u0142\u00f3w-o-sekwencjach<\/a><\/li>\n<li><a href=\"https:\/\/przedszkole12nowasol.pl\/wp-content\/uploads\/2020\/09\/Sekwencje-cz.1.pdf\">Sekwencje-cz.1<\/a><\/li>\n<li><a href=\"https:\/\/przedszkole12nowasol.pl\/wp-content\/uploads\/2020\/09\/Karta-do-utrwalenia-gloski-sz-na-poczatku-wyrazu.pdf\">Karta-do-utrwalenia-g\u0142oski-sz-na-pocz\u0105tku-wyrazu<\/a><\/li>\n<li><a href=\"https:\/\/przedszkole12nowasol.pl\/wp-content\/uploads\/2020\/09\/Karta-do-utrwalenia-gloski-sz-na-koncu-wyrazu.pdf\">Karta-do-utrwalenia-g\u0142oski-sz-na-ko\u0144cu-wyrazu<\/a><\/li>\n<li><a href=\"https:\/\/przedszkole12nowasol.pl\/wp-content\/uploads\/2020\/10\/Percepcja-s\u0142uchowa.pdf\">Percepcja s\u0142uchowa<\/a><\/li>\n<li><a href=\"https:\/\/przedszkole12nowasol.pl\/wp-content\/uploads\/2020\/10\/\u0106wiczenia-s\u0142uchowe-cz.2.pdf\">\u0106wiczenia s\u0142uchowe cz.2<\/a><\/li>\n<\/ul>\n","protected":false},"excerpt":{"rendered":"<p>O-czym-nale\u017cy-pami\u0119ta\u0107-wykonuj\u0105c-\u0107wiczenia-logopedyczne. Propozycje-\u0107wicze\u0144-i-zabaw-logopedycznych Bajki-logopedyczne.-Gra-planszowa Gra-z-kostk\u0105 Jak-rozwija\u0107-mow\u0119-dziecka G\u0142oska-R-gra-planszowa Poszerzanie-s\u0142ownictwa Ro\u017cnicowanie-g\u0142osek-c-oraz-cz Kilka-s\u0142\u00f3w-o-sekwencjach Sekwencje-cz.1 Karta-do-utrwalenia-g\u0142oski-sz-na-pocz\u0105tku-wyrazu Karta-do-utrwalenia-g\u0142oski-sz-na-ko\u0144cu-wyrazu Percepcja s\u0142uchowa \u0106wiczenia s\u0142uchowe cz.2<\/p>\n","protected":false},"author":1,"featured_media":0,"parent":0,"menu_order":0,"comment_status":"closed","ping_status":"closed","template":"","meta":{"footnotes":""},"class_list":["post-2115","page","type-page","status-publish","hentry"],"_links":{"self":[{"href":"https:\/\/przedszkole12nowasol.pl\/index.php?rest_route=\/wp\/v2\/pages\/2115","targetHints":{"allow":["GET"]}}],"collection":[{"href":"https:\/\/przedszkole12nowasol.pl\/index.php?rest_route=\/wp\/v2\/pages"}],"about":[{"href":"https:\/\/przedszkole12nowasol.pl\/index.php?rest_route=\/wp\/v2\/types\/page"}],"author":[{"embeddable":true,"href":"https:\/\/przedszkole12nowasol.pl\/index.php?rest_route=\/wp\/v2\/users\/1"}],"replies":[{"embeddable":true,"href":"https:\/\/przedszkole12nowasol.pl\/index.php?rest_route=%2Fwp%2Fv2%2Fcomments&post=2115"}],"version-history":[{"count":4,"href":"https:\/\/przedszkole12nowasol.pl\/index.php?rest_route=\/wp\/v2\/pages\/2115\/revisions"}],"predecessor-version":[{"id":2240,"href":"https:\/\/przedszkole12nowasol.pl\/index.php?rest_route=\/wp\/v2\/pages\/2115\/revisions\/2240"}],"wp:attachment":[{"href":"https:\/\/przedszkole12nowasol.pl\/index.php?rest_route=%2Fwp%2Fv2%2Fmedia&parent=2115"}],"curies":[{"name":"wp","href":"https:\/\/api.w.org\/{rel}","templated":true}]}}