{"id":2124,"date":"2020-09-13T17:02:14","date_gmt":"2020-09-13T17:02:14","guid":{"rendered":"https:\/\/przedszkole12nowasol.pl\/?page_id=2124"},"modified":"2020-09-13T17:38:57","modified_gmt":"2020-09-13T17:38:57","slug":"dostepnosc","status":"publish","type":"page","link":"https:\/\/przedszkole12nowasol.pl\/?page_id=2124","title":{"rendered":"Dost\u0119pno\u015b\u0107"},"content":{"rendered":"<p style=\"text-align: center;\"><span style=\"font-size: 36pt; color: #000000;\"><strong>Deklaracja dost\u0119pno\u015bci<\/strong><\/span><\/p>\n<p><span style=\"color: #000000;\">Przedszkole Nr 12 w Nowej Soli zobowi\u0105zuje si\u0119 zapewni\u0107 dost\u0119pno\u015b\u0107 swojej strony internetowej zgodnie z przepisami ustawy z dnia 4 kwietnia 2019 r. o dost\u0119pno\u015bci cyfrowej stron internetowych i aplikacji mobilnych podmiot\u00f3w publicznych. O\u015bwiadczenie w sprawie dost\u0119pno\u015bci ma zastosowanie do strony internetowej.<\/span><\/p>\n<p><span style=\"color: #000000;\"><strong><u>www.przedszkole12nowasol.pl<\/u><\/strong><\/span><\/p>\n<p>&nbsp;<\/p>\n<p><span style=\"color: #000000; font-size: 14pt;\"><strong>Koordynatorem do Spraw Dost\u0119pno\u015bci w plac\u00f3wce organizacyjnej<\/strong> jest\u00a0 mgr Alicja Jung<\/span><\/p>\n<p style=\"text-align: left;\"><span style=\"color: #ff0000; font-size: 14pt;\"><strong>Kontakt<\/strong><\/span><\/p>\n<p style=\"text-align: left;\"><span style=\"color: #000000; font-size: 14pt;\"><strong>Telefon<\/strong> &#8211; +48 68 470 70 37<\/span><\/p>\n<p style=\"text-align: left;\"><span style=\"color: #000000; font-size: 14pt;\"><strong>@<\/strong> &#8211; przedszkolenowasol12@gmail.com<\/span><\/p>\n<p>&nbsp;<\/p>\n<p><span style=\"color: #000000;\">Data publikacji strony internetowej: 18.07.2018 r.<\/span><\/p>\n<p><span style=\"color: #000000;\">Data ostatniej aktualizacji: 31.08.2020 r.<\/span><\/p>\n<p><span style=\"color: #000000;\">O\u015bwiadczenie sporz\u0105dzono dnia : 31.08.2020 r.<\/span><\/p>\n<p><span style=\"color: #000000;\">Deklaracj\u0119 sporz\u0105dzono na podstawie samooceny przeprowadzonej przez podmiot publiczny<\/span><\/p>\n<p><span style=\"color: #000000;\"><strong>Status pod wzgl\u0119dem zgodno\u015bci z ustaw\u0105<\/strong><\/span><\/p>\n<p><span style=\"color: #000000;\">Strona internetowa jest cz\u0119\u015bciowo zgodna z ustaw\u0105 z dnia 4 kwietnia 2019 r. o dost\u0119pno\u015bci cyfrowej stron internetowych i aplikacji mobilnych podmiot\u00f3w publicznych z powodu niezgodno\u015bci lub wy\u0142\u0105cze\u0144 wymienionych poni\u017cej:<\/span><\/p>\n<ul>\n<li><span style=\"color: #000000;\">filmy nie posiadaj\u0105 napis\u00f3w dla os\u00f3b g\u0142uchych,<\/span><\/li>\n<li><span style=\"color: #000000;\">cz\u0119\u015b\u0107 plik\u00f3w nie jest dost\u0119pnych cyfrowo,<\/span><\/li>\n<li><span style=\"color: #000000;\">brak odpowiedniej struktury nag\u0142\u00f3wkowej artyku\u0142\u00f3w,<\/span><\/li>\n<li><span style=\"color: #000000;\">obrazki na stronie nie posiadaj\u0105 tekstu alternatywnego z opisem obrazka dla os\u00f3b niewidomych.<\/span><\/li>\n<\/ul>\n<p><span style=\"color: #000000;\"><strong>U\u0142atwienia:<\/strong><\/span><\/p>\n<ul>\n<li><span style=\"color: #000000;\">siatka strony www,<\/span><\/li>\n<li><span style=\"color: #000000;\">pod\u015bwietlane linki do stron internetowych,<\/span><\/li>\n<li><span style=\"color: #000000;\">du\u017ce wyraziste ikony,<\/span><\/li>\n<li><span style=\"color: #000000;\">wszelkie informacje zawarte w serwisie s\u0105 redagowane w spos\u00f3b zrozumia\u0142y i czytelny.<\/span><\/li>\n<\/ul>\n<p><span style=\"color: #000000;\"><strong>Informacje zwrotne i dane kontaktowe:<\/strong><\/span><\/p>\n<p><span style=\"color: #000000;\">W przypadku problem\u00f3w z dost\u0119pno\u015bci\u0105 strony internetowej prosimy o kontakt.<\/span><\/p>\n<p><span style=\"color: #000000;\">Osob\u0105 kontaktow\u0105 jest Alicja Jung<\/span><\/p>\n<p><span style=\"color: #000000;\">T\u0105 sam\u0105 drog\u0105 mo\u017cna sk\u0142ada\u0107 wnioski o udost\u0119pnienie informacji niedost\u0119pnej oraz sk\u0142ada\u0107 skargi na brak zapewnienia dost\u0119pno\u015bci.\u00a0Ka\u017cdy ma prawo do wyst\u0105pienia z \u017c\u0105daniem zapewnienia dost\u0119pno\u015bci cyfrowej strony internetowej, aplikacji mobilnej lub jakiego\u015b ich elementu. Mo\u017cna tak\u017ce za\u017c\u0105da\u0107 udost\u0119pnienia informacji w formach alternatywnych, na przyk\u0142ad odczytanie niedost\u0119pnego cyfrowo dokumentu, opisania zawarto\u015bci filmu bez audiodeskrypcji itp. \u017b\u0105danie powinno zawiera\u0107 dane osoby zg\u0142aszaj\u0105cej \u017c\u0105danie, wskazanie, o kt\u00f3r\u0105 stron\u0119 internetow\u0105 lub aplikacj\u0119 mobiln\u0105 chodzi oraz spos\u00f3b kontaktu. Je\u017celi osoba \u017c\u0105daj\u0105ca zg\u0142asza potrzeb\u0119 otrzymania informacji w formie alternatywnej, powinna tak\u017ce okre\u015bli\u0107 form\u0119 tej informacji.\u00a0Podmiot publiczny powinien zrealizowa\u0107 \u017c\u0105danie niezw\u0142ocznie i nie p\u00f3\u017aniej, ni\u017c w ci\u0105gu 7 dni. Je\u017celi dotrzymanie tego terminu nie jest mo\u017cliwe, podmiot publiczny niezw\u0142ocznie informuje o tym, kiedy realizacja \u017c\u0105dania b\u0119dzie mo\u017cliwa, przy czym termin ten nie mo\u017ce by\u0107 d\u0142u\u017cszy ni\u017c 2 miesi\u0105ce. Je\u017celi zapewnienie dost\u0119pno\u015bci nie jest mo\u017cliwe, podmiot publiczny mo\u017ce zaproponowa\u0107 alternatywny spos\u00f3b dost\u0119pu do informacji.\u00a0W przypadku, gdy podmiot odm\u00f3wi realizacji \u017c\u0105dania zapewnienia dost\u0119pno\u015bci lub alternatywnego dost\u0119pu do informacji, mo\u017cna z\u0142o\u017cy\u0107 skarg\u0119 na takie dzia\u0142anie.Po wyczerpaniu wskazanej wy\u017cej procedury mo\u017cna tak\u017ce z\u0142o\u017cy\u0107 wniosek do\u00a0<a style=\"color: #000000;\" href=\"https:\/\/www.rpo.gov.pl\/\">Rzecznika Praw Obywatelskich<\/a>.<\/span><\/p>\n<p><span style=\"color: #000000;\"><strong>Dost\u0119pno\u015b\u0107 architektoniczna:<\/strong><\/span><\/p>\n<ul>\n<li><span style=\"color: #000000;\">Aby dosta\u0107 si\u0119 na teren plac\u00f3wki, nale\u017cy pokona\u0107 furtk\u0119 przy kt\u00f3rej zamontowany jest dzwonek, na kt\u00f3ry mo\u017cna zadzwoni\u0107 po uzyskanie pomocy. Przy wej\u015bciu w widocznym miejscu umieszczony zosta\u0142 r\u00f3wnie\u017c numer telefonu plac\u00f3wki.<\/span><\/li>\n<li><span style=\"color: #000000;\">Bramka wej\u015bciowa odgradzaj\u0105ca przedszkole od ulicy jest na tyle szeroka, \u017ce osoby poruszaj\u0105ce si\u0119 na w\u00f3zku inwalidzkim nie powinny mie\u0107 problem\u00f3w z jej pokonaniem. Istniej\u0119 r\u00f3wnie\u017c mo\u017cliwo\u015b\u0107 otworzenia dwuskrzyd\u0142owej bramy, co stanowi u\u0142atwienie dla osoby poruszaj\u0105cej si\u0119 na w\u00f3zku inwalidzkim.<\/span><\/li>\n<li><span style=\"color: #000000;\">Plac\u00f3wka przedszkola ma trzy wej\u015bcia do budynku. Aby dosta\u0107 si\u0119 do przedszkola wej\u015bciem g\u0142\u00f3wnym, nale\u017cy pokona\u0107 schody oraz dwoje szerokich drzwi. Istnieje r\u00f3wnie\u017c mo\u017cliwo\u015b\u0107 wej\u015bcia do budynku wej\u015bciami bocznymi od strony placu przedszkola, gdzie do pokonania jest tylko pr\u00f3g.<\/span><\/li>\n<li><span style=\"color: #000000;\">W przedszkolu znajduj\u0105 si\u0119 dodatkowe krzes\u0142a przy gabinecie Dyrektora i Intendenta.<\/span><\/li>\n<li><span style=\"color: #000000;\">Osoby z ograniczeniami mog\u0105 by\u0107 obs\u0142ugiwane poza kolejno\u015bci\u0105, o czym informuje stosowna tablica umieszczona na drzwiach gabinetu Intendenta.<\/span><\/li>\n<li><span style=\"color: #000000;\">W budynku nie ma zakazu wst\u0119pu z psem asystuj\u0105cym. Dyrektor plac\u00f3wki wyra\u017ca zgod\u0119 na wst\u0119p z psem asystuj\u0105cym<\/span><\/li>\n<li><span style=\"color: #000000;\">Plac\u00f3wka posiada w\u0142asny parking, osoby z niepe\u0142nosprawno\u015bci\u0105 mog\u0105 zajmowa\u0107 dwa miejsca oznaczone kopert\u0105 przeznaczone dla dostawc\u00f3w.<\/span><\/li>\n<\/ul>\n<p><span style=\"color: #000000;\"><strong>Dost\u0119pno\u015b\u0107 cyfrowa:<\/strong><\/span><\/p>\n<ul>\n<li><span style=\"color: #000000;\">Zachowanie odpowiedniego kontrastu tekst\u00f3w na stronie \u2013 czarno-bia\u0142y oraz zachowanie odpowiedniej wielko\u015bci liter.<\/span><\/li>\n<li><span style=\"color: #000000;\">Czytelny interface \u2013 unikanie element\u00f3w ruchomych i animacyjnych o jaskrawej barwie<\/span><\/li>\n<li><span style=\"color: #000000;\">Wyra\u017ana struktura tekstu . U\u017cywanie w tekstach pogrubie\u0144, czytelnej czcionki oraz wypunktowa\u0144<\/span><\/li>\n<li><span style=\"color: #000000;\">Na stronie internetowej w zak\u0142adce kontakt znajduj\u0105 si\u0119 informacje adresowe i kontaktowe podmiot\u00f3w wspieraj\u0105cych osoby ze szczeg\u00f3lnymi potrzebami wynikaj\u0105cych z zapis\u00f3w artyku\u0142u 6. Ustawy.<\/span><\/li>\n<\/ul>\n<p><span style=\"color: #000000;\"><strong>\u00a0<\/strong><strong>Dost\u0119pno\u015b\u0107 informacyjno- komunikacyjna<\/strong><\/span><\/p>\n<ul>\n<li><span style=\"color: #000000;\">Na stronie internetowej w zak\u0142adce kontakt znajduj\u0105 si\u0119 informacje adresowe i kontaktowe podmiot\u00f3w wspieraj\u0105cych osoby ze szczeg\u00f3lnymi potrzebami wynikaj\u0105cych z zapis\u00f3w artyku\u0142u 6. Ustawy.<\/span><\/li>\n<li><span style=\"color: #000000;\">W holu przedszkola na tablicy informacyjnej dla rodzic\u00f3w znajduj\u0105 si\u0119 informacje adresowe i kontaktowe podmiot\u00f3w wspieraj\u0105cych osoby ze szczeg\u00f3lnymi potrzebami wynikaj\u0105cych z zapis\u00f3w artyku\u0142u 6. Ustawy.<\/span><\/li>\n<\/ul>\n<p><span style=\"color: #000000;\"><strong>\u00a0<\/strong><\/span><\/p>\n","protected":false},"excerpt":{"rendered":"<p>Deklaracja dost\u0119pno\u015bci Przedszkole Nr 12 w Nowej Soli zobowi\u0105zuje si\u0119 zapewni\u0107 dost\u0119pno\u015b\u0107 swojej strony internetowej zgodnie z przepisami ustawy z dnia 4 kwietnia 2019 r. o dost\u0119pno\u015bci cyfrowej stron internetowych i aplikacji mobilnych podmiot\u00f3w publicznych. O\u015bwiadczenie w sprawie dost\u0119pno\u015bci ma zastosowanie do strony internetowej. www.przedszkole12nowasol.pl &nbsp; Koordynatorem do Spraw Dost\u0119pno\u015bci &hellip;<\/p>\n","protected":false},"author":1,"featured_media":0,"parent":0,"menu_order":0,"comment_status":"closed","ping_status":"closed","template":"","meta":{"footnotes":""},"class_list":["post-2124","page","type-page","status-publish","hentry"],"_links":{"self":[{"href":"https:\/\/przedszkole12nowasol.pl\/index.php?rest_route=\/wp\/v2\/pages\/2124","targetHints":{"allow":["GET"]}}],"collection":[{"href":"https:\/\/przedszkole12nowasol.pl\/index.php?rest_route=\/wp\/v2\/pages"}],"about":[{"href":"https:\/\/przedszkole12nowasol.pl\/index.php?rest_route=\/wp\/v2\/types\/page"}],"author":[{"embeddable":true,"href":"https:\/\/przedszkole12nowasol.pl\/index.php?rest_route=\/wp\/v2\/users\/1"}],"replies":[{"embeddable":true,"href":"https:\/\/przedszkole12nowasol.pl\/index.php?rest_route=%2Fwp%2Fv2%2Fcomments&post=2124"}],"version-history":[{"count":5,"href":"https:\/\/przedszkole12nowasol.pl\/index.php?rest_route=\/wp\/v2\/pages\/2124\/revisions"}],"predecessor-version":[{"id":2154,"href":"https:\/\/przedszkole12nowasol.pl\/index.php?rest_route=\/wp\/v2\/pages\/2124\/revisions\/2154"}],"wp:attachment":[{"href":"https:\/\/przedszkole12nowasol.pl\/index.php?rest_route=%2Fwp%2Fv2%2Fmedia&parent=2124"}],"curies":[{"name":"wp","href":"https:\/\/api.w.org\/{rel}","templated":true}]}}