{"id":2126,"date":"2020-09-13T17:02:45","date_gmt":"2020-09-13T17:02:45","guid":{"rendered":"https:\/\/przedszkole12nowasol.pl\/?page_id=2126"},"modified":"2020-09-13T17:47:45","modified_gmt":"2020-09-13T17:47:45","slug":"ochrona-danych-osobowych-rodo","status":"publish","type":"page","link":"https:\/\/przedszkole12nowasol.pl\/?page_id=2126","title":{"rendered":"Ochrona danych osobowych ( RODO )"},"content":{"rendered":"<p><span style=\"color: #000000; font-size: 18pt;\">Zgodnie z art. 13 Rozporz\u0105dzenia Parlamentu Europejskiego i Rady (UE) 2016 \/ 679\u00a0 z dnia 27 kwietnia 2016 w sprawie ochrony os\u00f3b fizycznych w zwi\u0105zku z przetwarzaniem danych osobowych w sprawie swobodnego przep\u0142ywu takich danych oraz uchylenia dyrektywy 95 \/ 46 \/ WE\u00a0 (og\u00f3lnie rozporz\u0105dzenie o ochronie danych)<\/span><\/p>\n<p>&nbsp;<\/p>\n<p><span style=\"color: #000000; font-size: 14pt;\">Administratorem danych osobowych jest Przedszkole nr 12 z siedzib\u0105 w Nowej Soli\u00a0<\/span><span style=\"color: #000000; font-size: 14pt;\">przy O\u015b. Konstytucji 3 Maja 12 H<\/span><\/p>\n<p><span style=\"color: #000000; font-size: 14pt;\"><strong>Telefon<\/strong> &#8211; +48 68 470 70 37<\/span><\/p>\n<p><span style=\"color: #000000; font-size: 14pt;\"><strong>@<\/strong> &#8211; przedszkolenowasol12@gmail.com<\/span><\/p>\n<p>&nbsp;<\/p>\n<p><span style=\"font-size: 14pt; color: #000000;\"><strong>Inspektorem Ochrony Danych Osobowych w plac\u00f3wce jest mgr Ewa Nowaczyk &#8211; Babacz<\/strong><\/span><\/p>\n<p><span style=\"font-size: 14pt; color: #000000;\"><strong>Telefon<\/strong> &#8211; +48 68 470 70 37<\/span><\/p>\n<p><span style=\"font-size: 14pt; color: #000000;\"><strong>@<\/strong> &#8211; przedszkolenowasol12@gmail.com<\/span><\/p>\n","protected":false},"excerpt":{"rendered":"<p>Zgodnie z art. 13 Rozporz\u0105dzenia Parlamentu Europejskiego i Rady (UE) 2016 \/ 679\u00a0 z dnia 27 kwietnia 2016 w sprawie ochrony os\u00f3b fizycznych w zwi\u0105zku z przetwarzaniem danych osobowych w sprawie swobodnego przep\u0142ywu takich danych oraz uchylenia dyrektywy 95 \/ 46 \/ WE\u00a0 (og\u00f3lnie rozporz\u0105dzenie o ochronie danych) &nbsp; Administratorem &hellip;<\/p>\n","protected":false},"author":1,"featured_media":0,"parent":0,"menu_order":0,"comment_status":"closed","ping_status":"closed","template":"","meta":{"footnotes":""},"class_list":["post-2126","page","type-page","status-publish","hentry"],"_links":{"self":[{"href":"https:\/\/przedszkole12nowasol.pl\/index.php?rest_route=\/wp\/v2\/pages\/2126","targetHints":{"allow":["GET"]}}],"collection":[{"href":"https:\/\/przedszkole12nowasol.pl\/index.php?rest_route=\/wp\/v2\/pages"}],"about":[{"href":"https:\/\/przedszkole12nowasol.pl\/index.php?rest_route=\/wp\/v2\/types\/page"}],"author":[{"embeddable":true,"href":"https:\/\/przedszkole12nowasol.pl\/index.php?rest_route=\/wp\/v2\/users\/1"}],"replies":[{"embeddable":true,"href":"https:\/\/przedszkole12nowasol.pl\/index.php?rest_route=%2Fwp%2Fv2%2Fcomments&post=2126"}],"version-history":[{"count":5,"href":"https:\/\/przedszkole12nowasol.pl\/index.php?rest_route=\/wp\/v2\/pages\/2126\/revisions"}],"predecessor-version":[{"id":2158,"href":"https:\/\/przedszkole12nowasol.pl\/index.php?rest_route=\/wp\/v2\/pages\/2126\/revisions\/2158"}],"wp:attachment":[{"href":"https:\/\/przedszkole12nowasol.pl\/index.php?rest_route=%2Fwp%2Fv2%2Fmedia&parent=2126"}],"curies":[{"name":"wp","href":"https:\/\/api.w.org\/{rel}","templated":true}]}}