{"id":3028,"date":"2022-10-31T10:52:17","date_gmt":"2022-10-31T10:52:17","guid":{"rendered":"https:\/\/przedszkole12nowasol.pl\/?page_id=3028"},"modified":"2023-06-23T10:11:31","modified_gmt":"2023-06-23T10:11:31","slug":"zakodowane-przedszkolaki","status":"publish","type":"page","link":"https:\/\/przedszkole12nowasol.pl\/?page_id=3028","title":{"rendered":"Zakodowane przedszkolaki"},"content":{"rendered":"<p><img fetchpriority=\"high\" decoding=\"async\" class=\"alignnone size-full wp-image-3029\" src=\"https:\/\/przedszkole12nowasol.pl\/wp-content\/uploads\/2022\/10\/plakat-wz\u00f3r-UMWL-1.jpg\" alt=\"\" width=\"3307\" height=\"2339\" srcset=\"https:\/\/przedszkole12nowasol.pl\/wp-content\/uploads\/2022\/10\/plakat-wz\u00f3r-UMWL-1.jpg 3307w, https:\/\/przedszkole12nowasol.pl\/wp-content\/uploads\/2022\/10\/plakat-wz\u00f3r-UMWL-1-300x212.jpg 300w, https:\/\/przedszkole12nowasol.pl\/wp-content\/uploads\/2022\/10\/plakat-wz\u00f3r-UMWL-1-768x543.jpg 768w, https:\/\/przedszkole12nowasol.pl\/wp-content\/uploads\/2022\/10\/plakat-wz\u00f3r-UMWL-1-1024x724.jpg 1024w, https:\/\/przedszkole12nowasol.pl\/wp-content\/uploads\/2022\/10\/plakat-wz\u00f3r-UMWL-1-424x300.jpg 424w\" sizes=\"(max-width: 3307px) 100vw, 3307px\" \/><\/p>\n<p><img decoding=\"async\" class=\"alignnone size-full wp-image-3030\" src=\"https:\/\/przedszkole12nowasol.pl\/wp-content\/uploads\/2022\/10\/Logotypy-i-tekst-pdf-2.jpg\" alt=\"\" width=\"1653\" height=\"1144\" srcset=\"https:\/\/przedszkole12nowasol.pl\/wp-content\/uploads\/2022\/10\/Logotypy-i-tekst-pdf-2.jpg 1653w, https:\/\/przedszkole12nowasol.pl\/wp-content\/uploads\/2022\/10\/Logotypy-i-tekst-pdf-2-300x208.jpg 300w, https:\/\/przedszkole12nowasol.pl\/wp-content\/uploads\/2022\/10\/Logotypy-i-tekst-pdf-2-768x532.jpg 768w, https:\/\/przedszkole12nowasol.pl\/wp-content\/uploads\/2022\/10\/Logotypy-i-tekst-pdf-2-1024x709.jpg 1024w, https:\/\/przedszkole12nowasol.pl\/wp-content\/uploads\/2022\/10\/Logotypy-i-tekst-pdf-2-433x300.jpg 433w\" sizes=\"(max-width: 1653px) 100vw, 1653px\" \/><\/p>\n<ol>\n<li><a href=\"https:\/\/przedszkole12nowasol.pl\/wp-content\/uploads\/2022\/10\/Realizacja-zada\u0144-pa\u017adziernik-2022.pdf\"><strong><span style=\"font-size: 14pt; color: #000000;\">Realizacja zada\u0144 &#8211; pa\u017adziernik 2022<\/span><\/strong><\/a><br \/>\n<span style=\"font-size: 14pt; color: #000000;\">Zapraszamy do obejrzenia zdj\u0119\u0107 w galerii w linku poni\u017cej:<\/span><br \/>\n<strong><span style=\"font-size: 14pt;\"><a href=\"https:\/\/photos.app.goo.gl\/P41v6auT5rYvMmB19\"><span style=\"color: #0000ff;\">https:\/\/photos.app.goo.gl\/P41v6auT5rYvMmB19<\/span><\/a><\/span><\/strong><\/li>\n<li><strong><span style=\"font-size: 14pt;\"><a href=\"https:\/\/przedszkole12nowasol.pl\/wp-content\/uploads\/2022\/12\/Realizacja-zada\u0144-listopad-2022.pdf\">Realizacja zada\u0144 listopad 2022<\/a><br \/>\n<\/span><\/strong><span style=\"font-size: 14pt;\"><span style=\"color: #000000;\">Zapraszamy do obejrzenia zdj\u0119\u0107 w galerii w linku poni\u017cej:<br \/>\n<span style=\"color: #0000ff;\"><a style=\"color: #0000ff;\" href=\"https:\/\/photos.app.goo.gl\/9ySagXcDaeMZMqaE9\"><strong>https:\/\/photos.app.goo.gl\/9ySagXcDaeMZMqaE9<\/strong><\/a><\/span><\/span><\/span><\/li>\n<li><a href=\"https:\/\/przedszkole12nowasol.pl\/wp-content\/uploads\/2022\/12\/Realizacja-zada\u0144-grudzie\u0144-2022.pdf\"><strong><span style=\"font-size: 14pt;\">Realizacja zada\u0144 grudzie\u0144 2022<\/span><\/strong><\/a><br \/>\n<span style=\"font-size: 14pt; color: #000000;\">Zapraszamy do obejrzenia zdj\u0119\u0107 w galerii w linku poni\u017cej:<\/span><br \/>\n<span style=\"color: #0000ff;\"><a style=\"color: #0000ff;\" href=\"https:\/\/photos.app.goo.gl\/fs5Si3FQmWdcpjeR7\"><strong><span style=\"font-size: 14pt;\">https:\/\/photos.app.goo.gl\/fs5Si3FQmWdcpjeR7<\/span><\/strong><\/a><\/span><\/li>\n<li><strong><span style=\"font-size: 14pt; color: #000000;\"><a style=\"color: #000000;\" href=\"https:\/\/przedszkole12nowasol.pl\/wp-content\/uploads\/2023\/01\/Realizacja-zada\u0144-stycze\u0144-2023.pdf\">Realizacja zada\u0144 stycze\u0144 2023<\/a><\/span><\/strong><br \/>\n<span style=\"font-size: 14pt; color: #000000;\">Zapraszamy do obejrzenia zdj\u0119\u0107 w galerii poni\u017cej:<\/span><br \/>\n<strong><span style=\"font-size: 14pt; color: #000000;\"><a style=\"color: #000000;\" href=\"https:\/\/photos.app.goo.gl\/SeaU9ttSfHL3w66L7\"><span style=\"color: #0000ff;\">https:\/\/photos.app.goo.gl\/SeaU9ttSfHL3w66L7<\/span><\/a><\/span><\/strong><\/li>\n<li><strong><span style=\"font-size: 14pt;\"><a href=\"https:\/\/przedszkole12nowasol.pl\/wp-content\/uploads\/2023\/03\/333505958_878606226727989_4968157557025830392_n-1.pdf\">Realizacja zada\u0144 &#8211; luty 2023<\/a><\/span><\/strong><span style=\"font-size: 14pt; color: #000000;\"><br \/>\nZapraszamy do obejrzenia zdj\u0119\u0107 w galerii poni\u017cej: \u00a0\u00a0 \u00a0\u00a0 \u00a0\u00a0 \u00a0\u00a0 \u00a0\u00a0 \u00a0\u00a0 \u00a0\u00a0 \u00a0\u00a0 \u00a0\u00a0 \u00a0\u00a0 \u00a0\u00a0 \u00a0\u00a0 \u00a0\u00a0 <span style=\"color: #0000ff;\"><strong><a style=\"color: #0000ff;\" href=\"https:\/\/photos.app.goo.gl\/xZvrm3hzTBampLSy9\">https:\/\/photos.app.goo.gl\/xZvrm3hzTBampLSy9<\/a><\/strong><\/span><\/span><\/li>\n<li><span style=\"font-size: 14pt;\"><strong><a href=\"https:\/\/przedszkole12nowasol.pl\/wp-content\/uploads\/2023\/04\/336900577_3623659434533327_7920944008644497800_n.pdf\">Realizacja zada\u0144 &#8211; marzec 2023<\/a><\/strong><\/span><br \/>\n<span style=\"font-size: 14pt; color: #000000;\">Zapraszamy do obejrzenia zdj\u0119\u0107 w galerii poni\u017cej: \u00a0<\/span><br \/>\n<strong><span style=\"color: #0000ff; font-size: 14pt;\"><a style=\"color: #0000ff;\" href=\"https:\/\/photos.app.goo.gl\/itQNv8iwHsT96iWS6\">https:\/\/photos.app.goo.gl\/itQNv8iwHsT96iWS6<\/a><\/span><\/strong><\/li>\n<li><span style=\"color: #000000;\"><strong><span style=\"font-size: 14pt;\"><a style=\"color: #000000;\" href=\"https:\/\/przedszkole12nowasol.pl\/wp-content\/uploads\/2023\/05\/344366153_194836256714177_4839583788416976042_n.pdf\">Realizacja zada\u0144 &#8211; kwiecie\u0144 2023<\/a><\/span><\/strong><\/span><br \/>\n<span style=\"color: #000000; font-size: 14pt;\">Zapraszamy do obejrzenia zdj\u0119\u0107 w galerii poni\u017cej:<\/span><br \/>\n<strong><span style=\"font-size: 14pt; color: #0000ff;\"><a style=\"color: #0000ff;\" href=\"https:\/\/photos.app.goo.gl\/BsbtxuFbLUYX2jXdA\">https:\/\/photos.app.goo.gl\/BsbtxuFbLUYX2jXdA<\/a><\/span><\/strong><\/li>\n<li><a href=\"https:\/\/przedszkole12nowasol.pl\/wp-content\/uploads\/2023\/06\/351771222_928804105094946_7326370382352670219_n-1.pdf\"><span style=\"color: #000000; font-size: 14pt;\"><strong>Realizacja zada\u0144 &#8211; maj 2023<\/strong><\/span><\/a><br \/>\n<span style=\"font-size: 14pt; color: #000000;\">Zapraszamy do obejrzenia zdj\u0119\u0107 w galerii poni\u017cej:<\/span><br \/>\n<strong><span style=\"color: #0000ff; font-size: 14pt;\"><a style=\"color: #0000ff;\" href=\"https:\/\/photos.app.goo.gl\/UdfsrgTn3K9cPK148\">https:\/\/photos.app.goo.gl\/UdfsrgTn3K9cPK148<\/a><\/span><\/strong><\/li>\n<\/ol>\n<p>&nbsp;<\/p>\n<p>&nbsp;<\/p>\n","protected":false},"excerpt":{"rendered":"<p>Realizacja zada\u0144 &#8211; pa\u017adziernik 2022 Zapraszamy do obejrzenia zdj\u0119\u0107 w galerii w linku poni\u017cej: https:\/\/photos.app.goo.gl\/P41v6auT5rYvMmB19 Realizacja zada\u0144 listopad 2022 Zapraszamy do obejrzenia zdj\u0119\u0107 w galerii w linku poni\u017cej: https:\/\/photos.app.goo.gl\/9ySagXcDaeMZMqaE9 Realizacja zada\u0144 grudzie\u0144 2022 Zapraszamy do obejrzenia zdj\u0119\u0107 w galerii w linku poni\u017cej: https:\/\/photos.app.goo.gl\/fs5Si3FQmWdcpjeR7 Realizacja zada\u0144 stycze\u0144 2023 Zapraszamy do obejrzenia &hellip;<\/p>\n","protected":false},"author":1,"featured_media":0,"parent":0,"menu_order":0,"comment_status":"closed","ping_status":"closed","template":"","meta":{"footnotes":""},"class_list":["post-3028","page","type-page","status-publish","hentry"],"_links":{"self":[{"href":"https:\/\/przedszkole12nowasol.pl\/index.php?rest_route=\/wp\/v2\/pages\/3028","targetHints":{"allow":["GET"]}}],"collection":[{"href":"https:\/\/przedszkole12nowasol.pl\/index.php?rest_route=\/wp\/v2\/pages"}],"about":[{"href":"https:\/\/przedszkole12nowasol.pl\/index.php?rest_route=\/wp\/v2\/types\/page"}],"author":[{"embeddable":true,"href":"https:\/\/przedszkole12nowasol.pl\/index.php?rest_route=\/wp\/v2\/users\/1"}],"replies":[{"embeddable":true,"href":"https:\/\/przedszkole12nowasol.pl\/index.php?rest_route=%2Fwp%2Fv2%2Fcomments&post=3028"}],"version-history":[{"count":14,"href":"https:\/\/przedszkole12nowasol.pl\/index.php?rest_route=\/wp\/v2\/pages\/3028\/revisions"}],"predecessor-version":[{"id":3192,"href":"https:\/\/przedszkole12nowasol.pl\/index.php?rest_route=\/wp\/v2\/pages\/3028\/revisions\/3192"}],"wp:attachment":[{"href":"https:\/\/przedszkole12nowasol.pl\/index.php?rest_route=%2Fwp%2Fv2%2Fmedia&parent=3028"}],"curies":[{"name":"wp","href":"https:\/\/api.w.org\/{rel}","templated":true}]}}