{"id":3230,"date":"2023-11-21T06:15:42","date_gmt":"2023-11-21T06:15:42","guid":{"rendered":"https:\/\/przedszkole12nowasol.pl\/?page_id=3230"},"modified":"2026-05-04T11:52:30","modified_gmt":"2026-05-04T11:52:30","slug":"przedszkole-promujace-zdrowie","status":"publish","type":"page","link":"https:\/\/przedszkole12nowasol.pl\/?page_id=3230","title":{"rendered":"Przedszkole Promuj\u0105ce zdrowie"},"content":{"rendered":"<p><img fetchpriority=\"high\" decoding=\"async\" class=\"size-full wp-image-3242 aligncenter\" src=\"https:\/\/przedszkole12nowasol.pl\/wp-content\/uploads\/2023\/11\/71895261_610777579456793_8257939671628120064_n-1.png\" alt=\"\" width=\"236\" height=\"230\" \/><\/p>\n<p><a href=\"https:\/\/przedszkole12nowasol.pl\/wp-content\/uploads\/2023\/11\/Dokument1.pdf\"><span style=\"font-size: 18pt;\"><span style=\"color: #339966;\">O programie<\/span><\/span><\/a><\/p>\n<p><span style=\"font-size: 24pt; color: #ff0000;\">Rok trzeci 2025\/2026<\/span><\/p>\n<p><span style=\"color: #000000; font-size: 18pt;\"><a style=\"color: #000000;\" href=\"https:\/\/przedszkole12nowasol.pl\/wp-content\/uploads\/2025\/12\/plan-Przedszkole-promujace-zdrowie-25-26.pdf\">plan dzia\u0142a\u0144 2025-2026<\/a><\/span><\/p>\n<p><span style=\"font-size: 18pt; color: #ff6600;\"><a style=\"color: #ff6600;\" href=\"https:\/\/przedszkole12nowasol.pl\/wp-content\/uploads\/2025\/12\/PPZ-wrzesien-pazdziernik-listopad-grudzien.pdf\">Realizacja dzia\u0142a\u0144 &#8211; wrzesie\u0144 , pa\u017adziernik, listopad, grudzie\u0144<\/a><\/span><\/p>\n<p><span style=\"font-size: 18pt; color: #ff6600;\"><a style=\"color: #ff6600;\" href=\"https:\/\/photos.app.goo.gl\/ZfYCq3qSCDQ2aNr89\">Fotorelacja z dzia\u0142a\u0144 &#8211; wrzesie\u0144, pa\u017adziernik, listopad, grudzie\u0144<\/a><\/span><\/p>\n<p><span style=\"color: #3366ff; font-size: 18pt;\"><a style=\"color: #3366ff;\" href=\"https:\/\/przedszkole12nowasol.pl\/wp-content\/uploads\/2026\/05\/Realizacja-Kamila-1.pdf.pdf\">Realizacja dzia\u0142a\u0144 &#8211; stycze\u0144, luty, marzec<\/a><\/span><\/p>\n<p><span style=\"font-size: 18pt; color: #3366ff;\"><a style=\"color: #3366ff;\" href=\"https:\/\/photos.app.goo.gl\/otBG8diCeK3994q39\">Fotorelacja z dzia\u0142a\u0144 &#8211; stycze\u0144, luty, marzec<\/a><\/span><\/p>\n<p>&nbsp;<\/p>\n<p><span style=\"font-size: 24pt; color: #ff0000;\">Rok drugi 2024\/2025<\/span><\/p>\n<p><span style=\"font-size: 18pt; color: #ff0000;\"><a style=\"color: #ff0000;\" href=\"https:\/\/przedszkole12nowasol.pl\/wp-content\/uploads\/2024\/10\/Plan-dzialan-2024-2025.pdf\">Plan dzia\u0142a\u0144 2024-2025<\/a><\/span><\/p>\n<p><span style=\"font-size: 18pt; color: #ff0000;\"><a style=\"color: #ff0000;\" href=\"https:\/\/przedszkole12nowasol.pl\/wp-content\/uploads\/2025\/08\/raport-roczny-PPZ.docx-1.pdf\">Raport roczny 2024-2025<\/a><\/span><\/p>\n<p><span style=\"font-size: 18pt; color: #ff6600;\"><a style=\"color: #ff6600;\" href=\"https:\/\/przedszkole12nowasol.pl\/wp-content\/uploads\/2024\/12\/Realizacja-dzialan-wrzesien-pazdziernik-listopad.pdf\">Realizacja dzia\u0142a\u0144 &#8211; wrzesie\u0144, pa\u017adziernik, listopad<\/a><\/span><\/p>\n<p><span style=\"font-size: 18pt; color: #ff6600;\"><a style=\"color: #ff6600;\" href=\"https:\/\/photos.app.goo.gl\/5rBuEBmEATjBkteh8\">Fotorelacja z dzia\u0142a\u0144 &#8211; wrzesie\u0144, pa\u017adziernik, listopad<\/a><\/span><\/p>\n<p><span style=\"font-size: 18pt; color: #3366ff;\"><a style=\"color: #3366ff;\" href=\"https:\/\/przedszkole12nowasol.pl\/wp-content\/uploads\/2025\/05\/Realizacja-dzialan-PPZ-grudzien-styczen-luty-marzec.pdf\">Realizacja dzia\u0142a\u0144 &#8211; grudzie\u0144, stycze\u0144, luty, marzec<\/a><\/span><\/p>\n<p><span style=\"font-size: 18pt; color: #3366ff;\"><a style=\"color: #3366ff;\" href=\"https:\/\/photos.app.goo.gl\/QWVBf5tZtBC8om8w8\">Fotorelacja z dzia\u0142a\u0144 &#8211; grudzie\u0144, stycze\u0144, luty, marzec<\/a><\/span><\/p>\n<p><span style=\"font-size: 18pt; color: #00ff00;\"><a style=\"color: #00ff00;\" href=\"https:\/\/przedszkole12nowasol.pl\/wp-content\/uploads\/2025\/06\/realizacja-z-dzialan-PPR.pdf\">Realizacja z dzia\u0142a\u0144 &#8211; kwiecie\u0144, maj, czerwiec<\/a><\/span><\/p>\n<p><span style=\"font-size: 18pt; color: #00ff00;\"><a style=\"color: #00ff00;\" href=\"https:\/\/photos.app.goo.gl\/boBnEx8zcndnsa1QA\">Fotorelacja z dzia\u0142a\u0144 &#8211; kwiecie\u0144, maj, czerwiec<\/a><\/span><\/p>\n<p>&nbsp;<\/p>\n<p><span style=\"font-size: 24pt; color: #ff0000;\">Rok pierwszy 2023\/2024<\/span><\/p>\n<p><span style=\"font-size: 18pt; color: #ff6600;\"><a style=\"color: #ff6600;\" href=\"https:\/\/przedszkole12nowasol.pl\/wp-content\/uploads\/2024\/01\/Plan-dzialan-2023-2024.pdf\">Plan dzia\u0142a\u0144 2023-2024<\/a><\/span><\/p>\n<p><span style=\"font-size: 18pt; color: #ff6600;\"><a style=\"color: #ff6600;\" href=\"https:\/\/przedszkole12nowasol.pl\/wp-content\/uploads\/2024\/09\/Arkusz-zbiorczy-dla-standardow.pdf\">Arkusz zbiorczy dla standard\u00f3w<\/a><\/span><\/p>\n<p><span style=\"font-size: 18pt; color: #ff6600;\"><a style=\"color: #ff6600;\" href=\"https:\/\/przedszkole12nowasol.pl\/wp-content\/uploads\/2024\/09\/Raport-roczny-rok-2023-2024.pdf\">Raport roczny &#8211; rok 2023-2024<\/a><\/span><\/p>\n<p>&nbsp;<\/p>\n<p><span style=\"font-size: 18pt; color: #339966;\"><a href=\"https:\/\/photos.app.goo.gl\/atZTuS9U33znezaC7\"><span style=\"color: #339966;\">Fotorelacja z dzia\u0142a\u0144 2023-2024 ( pierwszy semestr)<\/span><\/a><\/span><\/p>\n<p><span style=\"font-size: 18pt; color: #339966;\"><a style=\"color: #339966;\" href=\"https:\/\/photos.app.goo.gl\/zeFb19Ct5rRY4JHQA\">Fotorelacja z dzia\u0142a\u0144 2023-2024 ( drugi semestr)<\/a><\/span><\/p>\n<p>&nbsp;<\/p>\n<p><span style=\"font-size: 18pt; color: #ff6600;\">Artyku\u0142y dla rodzic\u00f3w<\/span><\/p>\n<p><span style=\"color: #000000;\"><a style=\"color: #000000;\" href=\"https:\/\/przedszkole12nowasol.pl\/wp-content\/uploads\/2024\/01\/najlepsza_dieta_przedszkolaka.pdf\">1. Najlepsza dieta przedszkolaka<\/a><\/span><\/p>\n<p><span style=\"color: #000000;\"><a style=\"color: #000000;\" href=\"https:\/\/przedszkole12nowasol.pl\/wp-content\/uploads\/2024\/02\/Zdrowe-nawyki-zywieniowe-u-dzieci-i-mlodziezy.pdf\">2. Zdrowe nawyki \u017cywieniowe u dzieci i m\u0142odzie\u017cy<\/a><\/span><\/p>\n<p><a href=\"https:\/\/przedszkole12nowasol.pl\/wp-content\/uploads\/2024\/03\/1710496105136.pdf\"><span style=\"color: #000000;\">3. Zdrowy styl \u017cycia<\/span><\/a><\/p>\n<p><span style=\"color: #000000;\"><a style=\"color: #000000;\" href=\"https:\/\/zdrowaklasa.pl\/blog\/wp%C5%82yw-cukru-na-rozw%C3%B3j-dziecka\/\">4. Wp\u0142yw cukru na rozw\u00f3j dziecka<\/a><\/span><\/p>\n<p><span style=\"color: #000000;\"><a style=\"color: #000000;\" href=\"https:\/\/mojprzedszkolak.pl\/artykul\/warzywa-i-owoce-na-co-dzien-co-zrobic-by-dzieciom-nie-zabraklo-wszystkich-potrzebnych-witamin-i-skladnikow-mineralnych\">5.Warzywa i owoce na co dzie\u0144 co zrobi\u0107 by dzieciom nie zabrak\u0142o wszystkich potrzebnych witamin i sk\u0142adnik\u00f3w mineralnych<\/a><\/span><\/p>\n<p><span style=\"color: #000000;\"><a style=\"color: #000000;\" href=\"https:\/\/www.zdrowyprzedszkolak.org\/jak-wprowadzic-zmiany-w-zywieniu\/\">6.Jak wprowadzi\u0107 zmiany w \u017cywieniu<\/a><\/span><\/p>\n<p><span style=\"color: #000000;\"><a style=\"color: #000000;\" href=\"https:\/\/www.zdrowyprzedszkolak.org\/zamienniki-cukru\/\">7.Zamienniki cukru<\/a><\/span><\/p>\n<p><span style=\"color: #000000;\"><a style=\"color: #000000;\" href=\"https:\/\/planujedlugiezycie.pl\/dlaczego-nadmiar-cukru-szkodzi-wpisy\/czy-wiesz-ile-cukru-kryje-sie-w-napojach\/\">8. Dlaczego nadmiar cukru szkodzi\/Czy wiesz ile cukru kryje si\u0119 w napojach<\/a><\/span><\/p>\n<p><span style=\"color: #000000;\"><a style=\"color: #000000;\" href=\"https:\/\/ncez.pzh.gov.pl\/dzieci-i-mlodziez\/podstawowe-zasady-zdrowego-zywienia\/\">9. Podstawowe zasady zdrowego \u017cywienia<\/a><\/span><\/p>\n<p>&nbsp;<\/p>\n","protected":false},"excerpt":{"rendered":"<p>O programie Rok trzeci 2025\/2026 plan dzia\u0142a\u0144 2025-2026 Realizacja dzia\u0142a\u0144 &#8211; wrzesie\u0144 , pa\u017adziernik, listopad, grudzie\u0144 Fotorelacja z dzia\u0142a\u0144 &#8211; wrzesie\u0144, pa\u017adziernik, listopad, grudzie\u0144 Realizacja dzia\u0142a\u0144 &#8211; stycze\u0144, luty, marzec Fotorelacja z dzia\u0142a\u0144 &#8211; stycze\u0144, luty, marzec &nbsp; Rok drugi 2024\/2025 Plan dzia\u0142a\u0144 2024-2025 Raport roczny 2024-2025 Realizacja dzia\u0142a\u0144 &#8211; &hellip;<\/p>\n","protected":false},"author":1,"featured_media":0,"parent":0,"menu_order":0,"comment_status":"closed","ping_status":"closed","template":"","meta":{"footnotes":""},"class_list":["post-3230","page","type-page","status-publish","hentry"],"_links":{"self":[{"href":"https:\/\/przedszkole12nowasol.pl\/index.php?rest_route=\/wp\/v2\/pages\/3230","targetHints":{"allow":["GET"]}}],"collection":[{"href":"https:\/\/przedszkole12nowasol.pl\/index.php?rest_route=\/wp\/v2\/pages"}],"about":[{"href":"https:\/\/przedszkole12nowasol.pl\/index.php?rest_route=\/wp\/v2\/types\/page"}],"author":[{"embeddable":true,"href":"https:\/\/przedszkole12nowasol.pl\/index.php?rest_route=\/wp\/v2\/users\/1"}],"replies":[{"embeddable":true,"href":"https:\/\/przedszkole12nowasol.pl\/index.php?rest_route=%2Fwp%2Fv2%2Fcomments&post=3230"}],"version-history":[{"count":23,"href":"https:\/\/przedszkole12nowasol.pl\/index.php?rest_route=\/wp\/v2\/pages\/3230\/revisions"}],"predecessor-version":[{"id":3905,"href":"https:\/\/przedszkole12nowasol.pl\/index.php?rest_route=\/wp\/v2\/pages\/3230\/revisions\/3905"}],"wp:attachment":[{"href":"https:\/\/przedszkole12nowasol.pl\/index.php?rest_route=%2Fwp%2Fv2%2Fmedia&parent=3230"}],"curies":[{"name":"wp","href":"https:\/\/api.w.org\/{rel}","templated":true}]}}