{"id":3541,"date":"2024-12-20T09:43:02","date_gmt":"2024-12-20T09:43:02","guid":{"rendered":"https:\/\/przedszkole12nowasol.pl\/?page_id=3541"},"modified":"2024-12-20T10:03:55","modified_gmt":"2024-12-20T10:03:55","slug":"narodowy-program-rozwoju-czytelnictwa-2-0","status":"publish","type":"page","link":"https:\/\/przedszkole12nowasol.pl\/?page_id=3541","title":{"rendered":"Narodowy program rozwoju czytelnictwa 2.0."},"content":{"rendered":"<p><img fetchpriority=\"high\" decoding=\"async\" src=\"https:\/\/przedszkole12nowasol.pl\/wp-content\/uploads\/2024\/12\/469892941_555851457317115_1848993831490225807_n.jpg\" alt=\"\" width=\"1920\" height=\"810\" \/><\/p>\n<pre lang=\"pl\"><strong><span style=\"font-size: 14pt; color: #3366ff; font-family: 'comic sans ms', sans-serif;\">O programie<\/span><\/strong><\/pre>\n<ul>\n<li><span style=\"color: #000000;\">Narodowy Program Rozwoju Czytelnictwa 2.0 na lata 2021\u20132025 jest kolejn\u0105 edycj\u0105 wieloletniego programu, nakierowanego na wzmocnienie czytelnictwa w Polsce oraz modernizacj\u0119 bibliotek. Ze wzgl\u0119du na skal\u0119 oddzia\u0142ywania jest to jeden z najwi\u0119kszych program\u00f3w Ministerstwa Kultury i Dziedzictwa Narodowego.<\/span><\/li>\n<li><span style=\"color: #000000;\">Dzia\u0142ania w ramach bie\u017c\u0105cej edycji kontynuuj\u0105 sprawdzone metody popularyzacji czytania (takie jak zakup nowo\u015bci ksi\u0105\u017ckowych, czy poprawa infrastruktury bibliotecznej), jak i odpowiadaj\u0105 na wsp\u00f3\u0142czesne przemiany sposob\u00f3w uczestnictwa jednostki w kulturze. G\u0142\u00f3wny cel programu \u2013 rozw\u00f3j czytelnictwa w Polsce oraz wzmocnienie roli bibliotek publicznych \u2013 wsp\u00f3\u0142tworz\u0105 cztery cele szczeg\u00f3\u0142owe, z kt\u00f3rych ka\u017cdy posiada odr\u0119bny priorytet. S\u0105 one nakierowane na wyr\u00f3wnywanie szans poprzez podniesienie kompetencji czytelniczych w spo\u0142ecze\u0144stwie.<\/span><\/li>\n<\/ul>\n<pre><span style=\"color: #3366ff; font-size: 14pt; font-family: 'comic sans ms', sans-serif;\"><strong>Artyku\u0142y dla rodzic\u00f3w<\/strong><\/span><\/pre>\n<p><span style=\"color: #000000;\"><a style=\"color: #000000;\" href=\"https:\/\/nprcz.pl\/news\/czytac-czy-nie-czytac\/\">1.Czyta\u0107 czy nie czyta\u0107.<\/a><\/span><\/p>\n<p><span style=\"color: #000000;\"><a style=\"color: #000000;\" href=\"https:\/\/nprcz.pl\/news\/rym-i-rytm-moc-wierszy-dla-dzieci\/\">2. Rym i rytm moc wierszy dla dzieci.<\/a><\/span><\/p>\n<p><span style=\"color: #000000;\"><a style=\"color: #000000;\" href=\"https:\/\/nprcz.pl\/czy-warto-czytac-dziecku-przed-snem\/\">3.Czy warto czyta\u0107 dziecku przed snem.<\/a><\/span><\/p>\n<p><span style=\"color: #000000;\"><a style=\"color: #000000;\" href=\"https:\/\/nprcz.pl\/czy-wiesz-co-czytac-z-dzieckiem\/\">4. Czy wiesz co czyta\u0107 z dzieckiem<\/a>?<\/span><\/p>\n<p><span style=\"color: #000000;\"><a style=\"color: #000000;\" href=\"https:\/\/nprcz.pl\/czy-moge-pomoc-dziecku-zaprzyjaznic-sie-z-ksiazka-2\/\">5. Czy mog\u0119 pom\u00f3c dziecku zaprzyja\u017ani\u0107 si\u0119 z ksi\u0105\u017ck\u0105 ?<\/a><\/span><br \/>\n<span style=\"color: #000000;\">\u00a0<\/span><\/p>\n<pre><span style=\"color: #3366ff; font-size: 14pt; font-family: 'comic sans ms', sans-serif;\"><strong>Zapraszamy do obejrzenia fotorelacji z dzia\u0142a\u0144 Przedszkola nr 12<\/strong><\/span><\/pre>\n<p><span style=\"color: #000000;\"><a style=\"color: #000000;\" href=\"https:\/\/photos.app.goo.gl\/ptm283ktiwSD9hUW7\">Link ze zdj\u0119ciami<\/a><\/span><\/p>\n","protected":false},"excerpt":{"rendered":"<p>O programie Narodowy Program Rozwoju Czytelnictwa 2.0 na lata 2021\u20132025 jest kolejn\u0105 edycj\u0105 wieloletniego programu, nakierowanego na wzmocnienie czytelnictwa w Polsce oraz modernizacj\u0119 bibliotek. Ze wzgl\u0119du na skal\u0119 oddzia\u0142ywania jest to jeden z najwi\u0119kszych program\u00f3w Ministerstwa Kultury i Dziedzictwa Narodowego. Dzia\u0142ania w ramach bie\u017c\u0105cej edycji kontynuuj\u0105 sprawdzone metody popularyzacji czytania &hellip;<\/p>\n","protected":false},"author":1,"featured_media":0,"parent":0,"menu_order":0,"comment_status":"closed","ping_status":"closed","template":"","meta":{"footnotes":""},"class_list":["post-3541","page","type-page","status-publish","hentry"],"_links":{"self":[{"href":"https:\/\/przedszkole12nowasol.pl\/index.php?rest_route=\/wp\/v2\/pages\/3541","targetHints":{"allow":["GET"]}}],"collection":[{"href":"https:\/\/przedszkole12nowasol.pl\/index.php?rest_route=\/wp\/v2\/pages"}],"about":[{"href":"https:\/\/przedszkole12nowasol.pl\/index.php?rest_route=\/wp\/v2\/types\/page"}],"author":[{"embeddable":true,"href":"https:\/\/przedszkole12nowasol.pl\/index.php?rest_route=\/wp\/v2\/users\/1"}],"replies":[{"embeddable":true,"href":"https:\/\/przedszkole12nowasol.pl\/index.php?rest_route=%2Fwp%2Fv2%2Fcomments&post=3541"}],"version-history":[{"count":14,"href":"https:\/\/przedszkole12nowasol.pl\/index.php?rest_route=\/wp\/v2\/pages\/3541\/revisions"}],"predecessor-version":[{"id":3559,"href":"https:\/\/przedszkole12nowasol.pl\/index.php?rest_route=\/wp\/v2\/pages\/3541\/revisions\/3559"}],"wp:attachment":[{"href":"https:\/\/przedszkole12nowasol.pl\/index.php?rest_route=%2Fwp%2Fv2%2Fmedia&parent=3541"}],"curies":[{"name":"wp","href":"https:\/\/api.w.org\/{rel}","templated":true}]}}