{"id":3761,"date":"2025-12-06T09:25:20","date_gmt":"2025-12-06T09:25:20","guid":{"rendered":"https:\/\/przedszkole12nowasol.pl\/?page_id=3761"},"modified":"2025-12-06T10:18:14","modified_gmt":"2025-12-06T10:18:14","slug":"projekt-rysio-i-oli-edukuja","status":"publish","type":"page","link":"https:\/\/przedszkole12nowasol.pl\/?page_id=3761","title":{"rendered":"Projekt ,,Rysio i Oli edukuj\u0105&#8221;"},"content":{"rendered":"<p style=\"text-align: center;\"><span style=\"font-size: 36pt; color: #000000;\"><strong>Projekt ,,Rysio i Oli edukuj\u0105&#8221;<\/strong><\/span><\/p>\n<p><img fetchpriority=\"high\" decoding=\"async\" class=\"alignnone size-full wp-image-3765\" src=\"https:\/\/przedszkole12nowasol.pl\/wp-content\/uploads\/2025\/12\/575109002_806706595564932_1892667958804078483_n.jpg\" alt=\"\" width=\"2040\" height=\"1148\" srcset=\"https:\/\/przedszkole12nowasol.pl\/wp-content\/uploads\/2025\/12\/575109002_806706595564932_1892667958804078483_n.jpg 2040w, https:\/\/przedszkole12nowasol.pl\/wp-content\/uploads\/2025\/12\/575109002_806706595564932_1892667958804078483_n-300x169.jpg 300w, https:\/\/przedszkole12nowasol.pl\/wp-content\/uploads\/2025\/12\/575109002_806706595564932_1892667958804078483_n-1024x576.jpg 1024w, https:\/\/przedszkole12nowasol.pl\/wp-content\/uploads\/2025\/12\/575109002_806706595564932_1892667958804078483_n-768x432.jpg 768w, https:\/\/przedszkole12nowasol.pl\/wp-content\/uploads\/2025\/12\/575109002_806706595564932_1892667958804078483_n-1536x864.jpg 1536w, https:\/\/przedszkole12nowasol.pl\/wp-content\/uploads\/2025\/12\/575109002_806706595564932_1892667958804078483_n-533x300.jpg 533w\" sizes=\"(max-width: 2040px) 100vw, 2040px\" \/><\/p>\n<p>&nbsp;<\/p>\n<ul>\n<li>\n<div dir=\"auto\"><span style=\"color: #000000;\">Od listopada w dw\u00f3ch grupach \u00a0&#8221; Ananasach&#8221; \u00a0i \u00a0&#8220;Jag\u00f3dkach&#8221; \u00a0b\u0119d\u0105 odbywa\u0107 si\u0119 zaj\u0119cia &#8220;Rysia i Oli edukuj\u0105&#8221; w ramach kampanii profilaktyczno -edukacyjnej miasta Nowej Soli. Omawiane b\u0119d\u0105 m.in tematy dotycz\u0105ce zdrowia fizycznego i psychicznego: pomaganie i akceptacja, zdrowe p\u0142uca, zdrowe nawyki \u017cywieniowe oraz \u015bwiadome korzystanie z urz\u0105dze\u0144 elektronicznych oraz tematyka emocji i pojawi\u0105 si\u0119 takie tematy jak: smutek , z\u0142o\u015b\u0107, rado\u015b\u0107 i strach. <span class=\"html-span xdj266r x14z9mp xat24cr x1lziwak xexx8yu xyri2b x18d9i69 x1c1uobl x1hl2dhg x16tdsg8 x1vvkbs\"><a class=\"x1i10hfl xjbqb8w x1ejq31n x18oe1m7 x1sy0etr xstzfhl x972fbf x10w94by x1qhh985 x14e42zd x9f619 x1ypdohk xt0psk2 x3ct3a4 xdj266r x14z9mp xat24cr x1lziwak xexx8yu xyri2b x18d9i69 x1c1uobl x16tdsg8 x1hl2dhg xggy1nq x1a2a7pz xkrqix3 x1sur9pj x1fey0fg x1s688f\" style=\"color: #000000;\" tabindex=\"0\" role=\"link\" href=\"https:\/\/www.facebook.com\/profile.php?id=100063739410661&amp;__cft__[0]=AZXDpaIBTSK493LfhU6cggg2_THMMz15HYLbC4QHVfEAXRFqZrLRVgPJUlMMnHQ2yHcuklPL13JwS0tOeaAPqOzLmuzxsfoJbLTj-WClv9XDP4A6qDPopSOHDo_Q0KK73J8NTavHgk6cJzCGUJi5yl57wcEYgKiVwOXdRqOcspm8HbWXFlEUJlcttS3AHCUz8OE&amp;__tn__=-]K-R\"><span class=\"xt0psk2\"><span class=\"xjp7ctv\">Profilaktyka Nowa S\u00f3l<\/span><\/span><\/a><\/span><\/span><\/div>\n<\/li>\n<\/ul>\n<p>&nbsp;<\/p>\n<ul>\n<li>\n<div dir=\"auto\"><span style=\"color: #000000;\">W ramach autorskiej kampanii edukacyjno-profilaktycznej miasta Nowa S\u00f3l pt. \u201eRysia i Oli edukuj\u0105\u201d Jag\u00f3dki \u00a0i \u00a0Ananaski dowiedzia\u0142y si\u0119, \u017ce strach to naturalna emocja, kt\u00f3ra mo\u017ce nas chroni\u0107 przed niebezpiecze\u0144stwem, ale czasami mo\u017ce te\u017c nas przyt\u0142acza\u0107. Pozna\u0142y sposoby na rozpoznanie swojego strachu oraz uczy\u0142y si\u0119, jak skutecznie radzi\u0107 sobie w stresuj\u0105cych chwilach. <span class=\"html-span xdj266r x14z9mp xat24cr x1lziwak xexx8yu xyri2b x18d9i69 x1c1uobl x1hl2dhg x16tdsg8 x1vvkbs\"><a class=\"x1i10hfl xjbqb8w x1ejq31n x18oe1m7 x1sy0etr xstzfhl x972fbf x10w94by x1qhh985 x14e42zd x9f619 x1ypdohk xt0psk2 x3ct3a4 xdj266r x14z9mp xat24cr x1lziwak xexx8yu xyri2b x18d9i69 x1c1uobl x16tdsg8 x1hl2dhg xggy1nq x1a2a7pz xkrqix3 x1sur9pj x1fey0fg x1s688f\" style=\"color: #000000;\" tabindex=\"0\" role=\"link\" href=\"https:\/\/www.facebook.com\/profile.php?id=100063739410661&amp;__cft__[0]=AZX16eKPmoRtgLvH-XfgjZ2dP5ouVTzwEvSRcnsFatJ5GO0CHwWel_7E3gr_tqKh8cT24p6PliH4vYSUIOMzOpxiqbWOhoAEIij4TU9OPIKhdzVo48Z1NTwttVGPB70yjk22lYAakCEGU1jbzsxGngljlpf-aophoMIAfEp2Xx1iASkuw2w-WUq3NNIlch050TQ&amp;__tn__=-]K-R\"><span class=\"xt0psk2\"><span class=\"xjp7ctv\">Profilaktyka Nowa S\u00f3l<\/span><\/span><\/a><\/span><\/span><\/div>\n<\/li>\n<\/ul>\n<div dir=\"auto\"><\/div>\n<div dir=\"auto\"><span style=\"color: #0000ff;\"><strong>Zapraszamy do obejrzenia galerii zdj\u0119\u0107 w linku poni\u017cej :<\/strong><\/span><\/div>\n<div dir=\"auto\"><a href=\"https:\/\/photos.app.goo.gl\/59pkMEYki5AxmH2H7\">Zdj\u0119cia<\/a><\/div>\n<div dir=\"auto\"><\/div>\n<div dir=\"auto\"><\/div>\n<div dir=\"auto\"><img decoding=\"async\" class=\"alignnone size-full wp-image-3766\" src=\"https:\/\/przedszkole12nowasol.pl\/wp-content\/uploads\/2025\/12\/574905194_806706512231607_8910536469640474245_n.jpg\" alt=\"\" width=\"1600\" height=\"1200\" srcset=\"https:\/\/przedszkole12nowasol.pl\/wp-content\/uploads\/2025\/12\/574905194_806706512231607_8910536469640474245_n.jpg 1600w, https:\/\/przedszkole12nowasol.pl\/wp-content\/uploads\/2025\/12\/574905194_806706512231607_8910536469640474245_n-300x225.jpg 300w, https:\/\/przedszkole12nowasol.pl\/wp-content\/uploads\/2025\/12\/574905194_806706512231607_8910536469640474245_n-1024x768.jpg 1024w, https:\/\/przedszkole12nowasol.pl\/wp-content\/uploads\/2025\/12\/574905194_806706512231607_8910536469640474245_n-768x576.jpg 768w, https:\/\/przedszkole12nowasol.pl\/wp-content\/uploads\/2025\/12\/574905194_806706512231607_8910536469640474245_n-1536x1152.jpg 1536w, https:\/\/przedszkole12nowasol.pl\/wp-content\/uploads\/2025\/12\/574905194_806706512231607_8910536469640474245_n-400x300.jpg 400w\" sizes=\"(max-width: 1600px) 100vw, 1600px\" \/><\/div>\n","protected":false},"excerpt":{"rendered":"<p>Projekt ,,Rysio i Oli edukuj\u0105&#8221; &nbsp; Od listopada w dw\u00f3ch grupach \u00a0&#8221; Ananasach&#8221; \u00a0i \u00a0&#8220;Jag\u00f3dkach&#8221; \u00a0b\u0119d\u0105 odbywa\u0107 si\u0119 zaj\u0119cia &#8220;Rysia i Oli edukuj\u0105&#8221; w ramach kampanii profilaktyczno -edukacyjnej miasta Nowej Soli. Omawiane b\u0119d\u0105 m.in tematy dotycz\u0105ce zdrowia fizycznego i psychicznego: pomaganie i akceptacja, zdrowe p\u0142uca, zdrowe nawyki \u017cywieniowe oraz \u015bwiadome &hellip;<\/p>\n","protected":false},"author":1,"featured_media":0,"parent":0,"menu_order":0,"comment_status":"closed","ping_status":"closed","template":"","meta":{"footnotes":""},"class_list":["post-3761","page","type-page","status-publish","hentry"],"_links":{"self":[{"href":"https:\/\/przedszkole12nowasol.pl\/index.php?rest_route=\/wp\/v2\/pages\/3761","targetHints":{"allow":["GET"]}}],"collection":[{"href":"https:\/\/przedszkole12nowasol.pl\/index.php?rest_route=\/wp\/v2\/pages"}],"about":[{"href":"https:\/\/przedszkole12nowasol.pl\/index.php?rest_route=\/wp\/v2\/types\/page"}],"author":[{"embeddable":true,"href":"https:\/\/przedszkole12nowasol.pl\/index.php?rest_route=\/wp\/v2\/users\/1"}],"replies":[{"embeddable":true,"href":"https:\/\/przedszkole12nowasol.pl\/index.php?rest_route=%2Fwp%2Fv2%2Fcomments&post=3761"}],"version-history":[{"count":4,"href":"https:\/\/przedszkole12nowasol.pl\/index.php?rest_route=\/wp\/v2\/pages\/3761\/revisions"}],"predecessor-version":[{"id":3768,"href":"https:\/\/przedszkole12nowasol.pl\/index.php?rest_route=\/wp\/v2\/pages\/3761\/revisions\/3768"}],"wp:attachment":[{"href":"https:\/\/przedszkole12nowasol.pl\/index.php?rest_route=%2Fwp%2Fv2%2Fmedia&parent=3761"}],"curies":[{"name":"wp","href":"https:\/\/api.w.org\/{rel}","templated":true}]}}